{"id":1672,"date":"2023-01-19T10:58:54","date_gmt":"2023-01-19T09:58:54","guid":{"rendered":"https:\/\/camping-leporge.fr\/loisirs-activites\/"},"modified":"2025-07-20T11:47:24","modified_gmt":"2025-07-20T09:47:24","slug":"leisure-activities","status":"publish","type":"page","link":"https:\/\/camping-leporge.fr\/en\/leisure-activities\/","title":{"rendered":"Leisure &#038; activities"},"content":{"rendered":"<div class=\"wpb-content-wrapper\"><p>[vc_row css_animation=&#8221;&#8221; row_type=&#8221;row&#8221; use_row_as_full_screen_section=&#8221;no&#8221; type=&#8221;full_width&#8221; angled_section=&#8221;no&#8221; text_align=&#8221;left&#8221; background_image_as_pattern=&#8221;without_pattern&#8221; el_class=&#8221;page-header small-header&#8221; z_index=&#8221;&#8221;][vc_column][vc_single_image image=&#8221;510&#8243; img_size=&#8221;full&#8221; qode_css_animation=&#8221;&#8221;][vc_column_text el_class=&#8221;fil-ariane&#8221;]<span><span><a href=\"https:\/\/camping-leporge.fr\/en\/\">Home page<\/a><\/span><\/span>[\/vc_column_text][vc_column_text]<\/p>\n<h1 class=\"p1\">Leisure &amp; activities<\/h1>\n<p class=\"p1\">In the middle of the pine forest come and breathe the fresh air of the ocean and change your pace<\/p>\n<p class=\"p1\">Sports holidays, relaxing holidays, discovery holidays, you will find everything you need to spend a holiday that suits you !<\/p>\n<p>[\/vc_column_text][\/vc_column][\/vc_row][vc_row css_animation=&#8221;&#8221; row_type=&#8221;row&#8221; use_row_as_full_screen_section=&#8221;no&#8221; type=&#8221;full_width&#8221; angled_section=&#8221;no&#8221; text_align=&#8221;left&#8221; background_image_as_pattern=&#8221;without_pattern&#8221; el_class=&#8221;padding-content activites&#8221; z_index=&#8221;&#8221;][vc_column][vc_column_text]<\/p>\n<h2 class=\"p1\" style=\"text-align: center;\">Our different activities and leisure facilities<\/h2>\n<p class=\"p1\" style=\"text-align: center;\">All activities presented below and related to the campsite are for free<\/p>\n<p>[\/vc_column_text][vc_row_inner row_type=&#8221;row&#8221; type=&#8221;full_width&#8221; text_align=&#8221;left&#8221; css_animation=&#8221;&#8221;][vc_column_inner]<div class=\"image_with_text\"><img decoding=\"async\" itemprop=\"image\" src=\"https:\/\/camping-leporge.fr\/wp-content\/uploads\/2023\/12\/courir-camping-la-grigne.svg\" alt=\"\" \/><\/p>\n<p class=\"p1\">Sports event program in July and August<\/p>\n<p><\/div><div class=\"image_with_text\"><img decoding=\"async\" itemprop=\"image\" src=\"https:\/\/camping-leporge.fr\/wp-content\/uploads\/2023\/12\/zumba-camping-la-grigne.svg\" alt=\"\" \/><\/p>\n<p class=\"p1\">Cardio\/muscle strengthening : crossfit \/ tabata \/ zumba<\/p>\n<p><\/div><div class=\"image_with_text\"><img decoding=\"async\" itemprop=\"image\" src=\"https:\/\/camping-leporge.fr\/wp-content\/uploads\/2023\/12\/yoga-camping-la-grigne.svg\" alt=\"\" \/><\/p>\n<p class=\"p1\">Well-being : yoga\/pilates\/nordic walking<\/p>\n<p><\/div><div class=\"image_with_text\"><img decoding=\"async\" itemprop=\"image\" src=\"https:\/\/camping-leporge.fr\/wp-content\/uploads\/2023\/12\/petanque-camping-la-grigne.svg\" alt=\"\" \/><\/p>\n<p class=\"p1\">Petanque tournaments<\/p>\n<p><\/div><div class=\"image_with_text\"><img decoding=\"async\" itemprop=\"image\" src=\"\" alt=\"\" \/><\/div>[\/vc_column_inner][\/vc_row_inner][\/vc_column][\/vc_row][vc_row css_animation=&#8221;&#8221; row_type=&#8221;row&#8221; use_row_as_full_screen_section=&#8221;no&#8221; type=&#8221;full_width&#8221; angled_section=&#8221;no&#8221; text_align=&#8221;left&#8221; background_image_as_pattern=&#8221;without_pattern&#8221; el_class=&#8221;padding-content block-txt-img animations&#8221; z_index=&#8221;&#8221;][vc_column width=&#8221;1\/2&#8243;][vc_gallery type=&#8221;flexslider_slide&#8221; interval=&#8221;10&#8243; images=&#8221;647,687,686&#8243; img_size=&#8221;full&#8221; direction_nav=&#8221;yes&#8221; control_nav=&#8221;no&#8221;][\/vc_column][vc_column width=&#8221;1\/2&#8243;][vc_column_text]<\/p>\n<h2 class=\"p1\">The animations<\/h2>\n<p class=\"p1\"><strong>Gourmet evening :<\/strong> 4 festive evenings with food trucks, refreshment bar and musical entertainment. A moment to share with family and friends !<\/p>\n<p class=\"p1\"><strong>Outdoor cinema : <\/strong>4 screenings, films for all audiences. Bring your popcorn and your chair, a good cinema evening ahead!<\/p>\n<p>[\/vc_column_text][\/vc_column][\/vc_row][vc_row css_animation=&#8221;&#8221; row_type=&#8221;row&#8221; use_row_as_full_screen_section=&#8221;no&#8221; type=&#8221;full_width&#8221; angled_section=&#8221;no&#8221; text_align=&#8221;left&#8221; background_image_as_pattern=&#8221;without_pattern&#8221; el_class=&#8221;padding-content activites&#8221; z_index=&#8221;&#8221;][vc_column][vc_column_text el_class=&#8221;liste-icon equipements&#8221;]<\/p>\n<ul>\n<li class=\"aire-jeux\">Chidren&#8217;s playground<\/li>\n<li class=\"petanque\">Petanque ground<\/li>\n<li class=\"terrain\">City stadium\/multi-sport field<\/li>\n<li class=\"volley\">Beach volleyball field<\/li>\n<li class=\"ping-pong\">Ping-pong tables<\/li>\n<li class=\"golf\">Mini-golf<\/li>\n<li class=\"tennis\">2 tennis courts<\/li>\n<li class=\"halteres\">Outdoor fitness equipment<\/li>\n<li class=\"sports\">Loan of sports equipment at the reception<\/li>\n<\/ul>\n<p>[\/vc_column_text][\/vc_column][\/vc_row][vc_row css_animation=&#8221;&#8221; row_type=&#8221;row&#8221; use_row_as_full_screen_section=&#8221;no&#8221; type=&#8221;full_width&#8221; angled_section=&#8221;no&#8221; text_align=&#8221;left&#8221; background_image_as_pattern=&#8221;without_pattern&#8221; el_class=&#8221;padding-content block-txt-img reverse bandeau-deco loisirs-environs&#8221; z_index=&#8221;&#8221;][vc_column width=&#8221;1\/2&#8243;][vc_gallery type=&#8221;flexslider_slide&#8221; interval=&#8221;10&#8243; images=&#8221;834,835,690,689&#8243; img_size=&#8221;full&#8221; direction_nav=&#8221;yes&#8221; control_nav=&#8221;no&#8221;][\/vc_column][vc_column width=&#8221;1\/2&#8243;][vc_column_text css=&#8221;&#8221; el_class=&#8221;liste-icon&#8221;]<\/p>\n<h2 class=\"p1\">Surrounding<\/h2>\n<p class=\"p1\">Dive into the waves , visit the vineyard, taste the oysters in the oyster villages, climb the Pilat dune, stroll through the markets, there are so many things to discover !<\/p>\n<p>Don&#8217;t hesitate to visit the <a href=\"https:\/\/www.medocpleinsud.com\/\" target=\"_blank\" rel=\"noopener\">M\u00e9doc Plein Sud Tourist Office<\/a> website to get plenty of ideas for visits and more !<\/p>\n<p class=\"p1\"><strong>Le Porge<\/strong> and the 126 km of fine sandy beaches on the Gironde coast benefit from omnipresent and preserved nature , ideal for swimming, surfing and relaxing,<\/p>\n<p class=\"p1\">In just a few steps you can spread your towel on the beach with direct access from the campsite!<\/p>\n<p class=\"p1\">Your mood is more for action than for sunbathing, with the ocean as your playground , here board sports are in the spotlight! Why not try surfing ? Several surf schools at the foot of the dune will be happy to share their passion !<\/p>\n<p><a href=\"https:\/\/sonicesurfscholl.com\">So Nice<\/a><\/p>\n<p><a href=\"https:\/\/asponat.com\">Asponat<\/a><\/p>\n<p><a href=\"https:\/\/www.leporge-ecoledesurf.com\" target=\"_blank\" rel=\"noopener\">Skeepskool<\/a><\/p>\n<p class=\"p1\"><strong>The beach is supervised from the beginning of July to mid-September.<\/strong><\/p>\n<p class=\"p1\">The immense pine forest invite walks , bike rides and horseback riding. Here we breathe !<\/p>\n<p class=\"p1\">With the V\u00e9lodyss\u00e9e, which runs along the campsite , you can make some beautiful bike rides to reach the lakes of Lacanau and Carcans-Maubuisson, Lacanau-Oc\u00e9an, L\u00e8ge-Cap Ferret, Ar\u00e8s or the village of le Porge<\/p>\n<p class=\"p1\">Our bike rental at the campsite entrance is there to advise you and provide you with a bike suited to your needs. All that&#8217;s left to do is get into the saddle !<\/p>\n<p>Book your bike <a href=\"http:\/\/www.funbike.fr\" target=\"_blank\" rel=\"noopener\">here<\/a>![\/vc_column_text][\/vc_column][\/vc_row][vc_row css_animation=&#8221;&#8221; row_type=&#8221;row&#8221; use_row_as_full_screen_section=&#8221;no&#8221; type=&#8221;full_width&#8221; angled_section=&#8221;no&#8221; text_align=&#8221;left&#8221; background_image_as_pattern=&#8221;without_pattern&#8221; el_class=&#8221;padding-content block-txt-img&#8221; z_index=&#8221;&#8221;][vc_column width=&#8221;1\/2&#8243;][vc_gallery type=&#8221;flexslider_slide&#8221; interval=&#8221;10&#8243; images=&#8221;692,693,694,695&#8243; img_size=&#8221;full&#8221; direction_nav=&#8221;yes&#8221; control_nav=&#8221;no&#8221;][\/vc_column][vc_column width=&#8221;1\/2&#8243;][vc_column_text css=&#8221;&#8221;]<\/p>\n<h2 class=\"p1\">M\u00e9doc vineyards<\/h2>\n<p class=\"p1\">There are so many ways to discover the region of <a href=\"https:\/\/www.medocvignoble.com\" target=\"_blank\" rel=\"noopener\">the M\u00e9doc vineyards<\/a>, between tastings of great wines, visits to cellars , discovery of the vines , meetings with producers, walks in the vineyards\u2026.You will be charmed by the M\u00e9doc vineyards region!<\/p>\n<p>[\/vc_column_text][\/vc_column][\/vc_row][vc_row css_animation=&#8221;&#8221; row_type=&#8221;row&#8221; use_row_as_full_screen_section=&#8221;no&#8221; type=&#8221;full_width&#8221; angled_section=&#8221;no&#8221; text_align=&#8221;left&#8221; background_image_as_pattern=&#8221;without_pattern&#8221; el_class=&#8221;padding-content block-txt-img reverse dune-pilat&#8221; z_index=&#8221;&#8221;][vc_column width=&#8221;1\/2&#8243;][vc_gallery type=&#8221;flexslider_slide&#8221; interval=&#8221;10&#8243; images=&#8221;717,699,700,701,838&#8243; img_size=&#8221;full&#8221; direction_nav=&#8221;yes&#8221; control_nav=&#8221;no&#8221;][\/vc_column][vc_column width=&#8221;1\/2&#8243;][vc_column_text css=&#8221;&#8221;]<\/p>\n<h2 class=\"p1\">The dune of Pilat<\/h2>\n<p class=\"p1\">On the list of the must- sees , we think of <a href=\"https:\/\/ladunedupilat.com\" target=\"_blank\" rel=\"noopener\">the dune du Pilat<\/a> and it&#8217;s 110m high panorama over the Arcachon bay.<\/p>\n<p class=\"p1\">Climb to the top of the highest dune in Europe and admire the view!<\/p>\n<p>[\/vc_column_text][\/vc_column][\/vc_row][vc_row css_animation=&#8221;&#8221; row_type=&#8221;row&#8221; use_row_as_full_screen_section=&#8221;no&#8221; type=&#8221;full_width&#8221; angled_section=&#8221;no&#8221; text_align=&#8221;left&#8221; background_image_as_pattern=&#8221;without_pattern&#8221; el_class=&#8221;padding-content block-txt-img&#8221; z_index=&#8221;&#8221;][vc_column width=&#8221;1\/2&#8243;][vc_gallery type=&#8221;flexslider_slide&#8221; interval=&#8221;10&#8243; images=&#8221;705,706,707,708&#8243; img_size=&#8221;full&#8221; direction_nav=&#8221;yes&#8221; control_nav=&#8221;no&#8221;][\/vc_column][vc_column width=&#8221;1\/2&#8243;][vc_column_text css=&#8221;&#8221;]<\/p>\n<h2 class=\"p1\">The Arcachon Bassin \/ Cap Ferret<\/h2>\n<p class=\"p1\">On the <a href=\"https:\/\/bassin-arcachon.com\" target=\"_blank\" rel=\"noopener\">Arcachon<\/a> Bay and <a href=\"https:\/\/www.lege-capferret.com\" target=\"_blank\" rel=\"noopener\">Cap Ferret<\/a> side , we stroll through the small fishing villages before tasting oysters in a cabin by the water, climbing to the top of the lighthouse or <a href=\"https:\/\/bateliers-arcachon.com\" target=\"_blank\" rel=\"noopener\">taking a boat trip<\/a>.<\/p>\n<p>[\/vc_column_text][\/vc_column][\/vc_row][vc_row css_animation=&#8221;&#8221; row_type=&#8221;row&#8221; use_row_as_full_screen_section=&#8221;no&#8221; type=&#8221;full_width&#8221; angled_section=&#8221;no&#8221; text_align=&#8221;left&#8221; background_image_as_pattern=&#8221;without_pattern&#8221; el_class=&#8221;padding-content block-txt-img reverse&#8221; z_index=&#8221;&#8221;][vc_column width=&#8221;1\/2&#8243;][vc_gallery type=&#8221;flexslider_slide&#8221; interval=&#8221;10&#8243; images=&#8221;711,712,716,714&#8243; img_size=&#8221;full&#8221; direction_nav=&#8221;yes&#8221; control_nav=&#8221;no&#8221;][\/vc_column][vc_column width=&#8221;1\/2&#8243;][vc_column_text css=&#8221;&#8221;]<\/p>\n<h2>Bordeaux<\/h2>\n<p class=\"p1\">A day of shopping and culture in <a href=\"https:\/\/www.bordeaux-tourisme.com\" target=\"_blank\" rel=\"noopener\">Bordeaux<\/a> with its many historical monuments such as Pey-Berland tower, Saint-Andr\u00e9 cathedral, Grand-Th\u00e9\u00e2tre, Place de la Bourse and numerous museums such as <a href=\"https:\/\/www.bassins-lumieres.com\" target=\"_blank\" rel=\"noopener\">Bassins des Lumi\u00e8res<\/a>, <a href=\"https:\/\/www.laciteduvin.com\" target=\"_blank\" rel=\"noopener\">Cit\u00e9 du Vin<\/a>, <a href=\"https:\/\/www.mmmbordeaux.com\" target=\"_blank\" rel=\"noopener\">Sea Marine museum<\/a>.<\/p>\n<p>[\/vc_column_text][\/vc_column][\/vc_row]<\/p>\n<\/div>","protected":false},"excerpt":{"rendered":"<p>[vc_row css_animation=&#8221;&#8221; row_type=&#8221;row&#8221; use_row_as_full_screen_section=&#8221;no&#8221; type=&#8221;full_width&#8221; angled_section=&#8221;no&#8221; text_align=&#8221;left&#8221; background_image_as_pattern=&#8221;without_pattern&#8221; el_class=&#8221;page-header small-header&#8221; z_index=&#8221;&#8221;][vc_column][vc_single_image image=&#8221;510&#8243; img_size=&#8221;full&#8221; qode_css_animation=&#8221;&#8221;][vc_column_text el_class=&#8221;fil-ariane&#8221;][\/vc_column_text][vc_column_text] Leisure &amp; activities In the middle of the pine forest come and breathe the fresh air of the ocean and change your pace Sports holidays, relaxing holidays, discovery holidays, you&#8230;<\/p>\n","protected":false},"author":1,"featured_media":1243,"parent":0,"menu_order":0,"comment_status":"closed","ping_status":"closed","template":"full_width.php","meta":{"_acf_changed":false,"footnotes":""},"class_list":["post-1672","page","type-page","status-publish","has-post-thumbnail","hentry"],"acf":[],"yoast_head":"<!-- This site is optimized with the Yoast SEO plugin v26.9 - https:\/\/yoast.com\/product\/yoast-seo-wordpress\/ -->\n<title>Leisure &amp; activities - Camping la Grigne<\/title>\n<meta name=\"robots\" content=\"index, follow, max-snippet:-1, max-image-preview:large, max-video-preview:-1\" \/>\n<link rel=\"canonical\" href=\"https:\/\/camping-leporge.fr\/en\/leisure-activities\/\" \/>\n<meta property=\"og:locale\" content=\"en_US\" \/>\n<meta property=\"og:type\" content=\"article\" \/>\n<meta property=\"og:title\" content=\"Leisure &amp; activities - Camping la Grigne\" \/>\n<meta property=\"og:description\" content=\"[vc_row css_animation=&#8221;&#8221; row_type=&#8221;row&#8221; use_row_as_full_screen_section=&#8221;no&#8221; type=&#8221;full_width&#8221; angled_section=&#8221;no&#8221; text_align=&#8221;left&#8221; background_image_as_pattern=&#8221;without_pattern&#8221; el_class=&#8221;page-header small-header&#8221; z_index=&#8221;&#8221;][vc_column][vc_single_image image=&#8221;510&#8243; img_size=&#8221;full&#8221; qode_css_animation=&#8221;&#8221;][vc_column_text el_class=&#8221;fil-ariane&#8221;][\/vc_column_text][vc_column_text] Leisure &amp; activities In the middle of the pine forest come and breathe the fresh air of the ocean and change your pace Sports holidays, relaxing holidays, discovery holidays, you...\" \/>\n<meta property=\"og:url\" content=\"https:\/\/camping-leporge.fr\/en\/leisure-activities\/\" \/>\n<meta property=\"og:site_name\" content=\"Camping la Grigne\" \/>\n<meta property=\"article:publisher\" content=\"https:\/\/www.facebook.com\/lagrigne\/\" \/>\n<meta property=\"article:modified_time\" content=\"2025-07-20T09:47:24+00:00\" \/>\n<meta property=\"og:image\" content=\"http:\/\/camping-leporge.fr\/wp-content\/uploads\/2023\/03\/loisirs-activites-camping-la-grigne.jpg\" \/>\n\t<meta property=\"og:image:width\" content=\"2500\" \/>\n\t<meta property=\"og:image:height\" content=\"1406\" \/>\n\t<meta property=\"og:image:type\" content=\"image\/jpeg\" \/>\n<meta name=\"twitter:card\" content=\"summary_large_image\" \/>\n<meta name=\"twitter:label1\" content=\"Est. reading time\" \/>\n\t<meta name=\"twitter:data1\" content=\"4 minutes\" \/>\n<script type=\"application\/ld+json\" class=\"yoast-schema-graph\">{\"@context\":\"https:\/\/schema.org\",\"@graph\":[{\"@type\":\"WebPage\",\"@id\":\"https:\/\/camping-leporge.fr\/en\/leisure-activities\/\",\"url\":\"https:\/\/camping-leporge.fr\/en\/leisure-activities\/\",\"name\":\"Leisure & activities - Camping la Grigne\",\"isPartOf\":{\"@id\":\"https:\/\/camping-leporge.fr\/en\/#website\"},\"primaryImageOfPage\":{\"@id\":\"https:\/\/camping-leporge.fr\/en\/leisure-activities\/#primaryimage\"},\"image\":{\"@id\":\"https:\/\/camping-leporge.fr\/en\/leisure-activities\/#primaryimage\"},\"thumbnailUrl\":\"https:\/\/camping-leporge.fr\/wp-content\/uploads\/2023\/03\/loisirs-activites-camping-la-grigne.jpg\",\"datePublished\":\"2023-01-19T09:58:54+00:00\",\"dateModified\":\"2025-07-20T09:47:24+00:00\",\"breadcrumb\":{\"@id\":\"https:\/\/camping-leporge.fr\/en\/leisure-activities\/#breadcrumb\"},\"inLanguage\":\"en-US\",\"potentialAction\":[{\"@type\":\"ReadAction\",\"target\":[\"https:\/\/camping-leporge.fr\/en\/leisure-activities\/\"]}]},{\"@type\":\"ImageObject\",\"inLanguage\":\"en-US\",\"@id\":\"https:\/\/camping-leporge.fr\/en\/leisure-activities\/#primaryimage\",\"url\":\"https:\/\/camping-leporge.fr\/wp-content\/uploads\/2023\/03\/loisirs-activites-camping-la-grigne.jpg\",\"contentUrl\":\"https:\/\/camping-leporge.fr\/wp-content\/uploads\/2023\/03\/loisirs-activites-camping-la-grigne.jpg\",\"width\":2500,\"height\":1406},{\"@type\":\"BreadcrumbList\",\"@id\":\"https:\/\/camping-leporge.fr\/en\/leisure-activities\/#breadcrumb\",\"itemListElement\":[{\"@type\":\"ListItem\",\"position\":1,\"name\":\"Home page\",\"item\":\"https:\/\/camping-leporge.fr\/en\/\"},{\"@type\":\"ListItem\",\"position\":2,\"name\":\"Leisure &#038; activities\"}]},{\"@type\":\"WebSite\",\"@id\":\"https:\/\/camping-leporge.fr\/en\/#website\",\"url\":\"https:\/\/camping-leporge.fr\/en\/\",\"name\":\"Camping la Grigne\",\"description\":\"\",\"publisher\":{\"@id\":\"https:\/\/camping-leporge.fr\/en\/#organization\"},\"potentialAction\":[{\"@type\":\"SearchAction\",\"target\":{\"@type\":\"EntryPoint\",\"urlTemplate\":\"https:\/\/camping-leporge.fr\/en\/?s={search_term_string}\"},\"query-input\":{\"@type\":\"PropertyValueSpecification\",\"valueRequired\":true,\"valueName\":\"search_term_string\"}}],\"inLanguage\":\"en-US\"},{\"@type\":\"Organization\",\"@id\":\"https:\/\/camping-leporge.fr\/en\/#organization\",\"name\":\"Camping la Grigne\",\"url\":\"https:\/\/camping-leporge.fr\/en\/\",\"logo\":{\"@type\":\"ImageObject\",\"inLanguage\":\"en-US\",\"@id\":\"https:\/\/camping-leporge.fr\/en\/#\/schema\/logo\/image\/\",\"url\":\"https:\/\/camping-leporge.fr\/wp-content\/uploads\/2023\/02\/logo-camping-la-grigne-footer-1.png\",\"contentUrl\":\"https:\/\/camping-leporge.fr\/wp-content\/uploads\/2023\/02\/logo-camping-la-grigne-footer-1.png\",\"width\":465,\"height\":365,\"caption\":\"Camping la Grigne\"},\"image\":{\"@id\":\"https:\/\/camping-leporge.fr\/en\/#\/schema\/logo\/image\/\"},\"sameAs\":[\"https:\/\/www.facebook.com\/lagrigne\/\",\"https:\/\/www.instagram.com\/campinglagrigne\/\"]}]}<\/script>\n<!-- \/ Yoast SEO plugin. -->","yoast_head_json":{"title":"Leisure & activities - Camping la Grigne","robots":{"index":"index","follow":"follow","max-snippet":"max-snippet:-1","max-image-preview":"max-image-preview:large","max-video-preview":"max-video-preview:-1"},"canonical":"https:\/\/camping-leporge.fr\/en\/leisure-activities\/","og_locale":"en_US","og_type":"article","og_title":"Leisure & activities - Camping la Grigne","og_description":"[vc_row css_animation=&#8221;&#8221; row_type=&#8221;row&#8221; use_row_as_full_screen_section=&#8221;no&#8221; type=&#8221;full_width&#8221; angled_section=&#8221;no&#8221; text_align=&#8221;left&#8221; background_image_as_pattern=&#8221;without_pattern&#8221; el_class=&#8221;page-header small-header&#8221; z_index=&#8221;&#8221;][vc_column][vc_single_image image=&#8221;510&#8243; img_size=&#8221;full&#8221; qode_css_animation=&#8221;&#8221;][vc_column_text el_class=&#8221;fil-ariane&#8221;][\/vc_column_text][vc_column_text] Leisure &amp; activities In the middle of the pine forest come and breathe the fresh air of the ocean and change your pace Sports holidays, relaxing holidays, discovery holidays, you...","og_url":"https:\/\/camping-leporge.fr\/en\/leisure-activities\/","og_site_name":"Camping la Grigne","article_publisher":"https:\/\/www.facebook.com\/lagrigne\/","article_modified_time":"2025-07-20T09:47:24+00:00","og_image":[{"width":2500,"height":1406,"url":"http:\/\/camping-leporge.fr\/wp-content\/uploads\/2023\/03\/loisirs-activites-camping-la-grigne.jpg","type":"image\/jpeg"}],"twitter_card":"summary_large_image","twitter_misc":{"Est. reading time":"4 minutes"},"schema":{"@context":"https:\/\/schema.org","@graph":[{"@type":"WebPage","@id":"https:\/\/camping-leporge.fr\/en\/leisure-activities\/","url":"https:\/\/camping-leporge.fr\/en\/leisure-activities\/","name":"Leisure & activities - Camping la Grigne","isPartOf":{"@id":"https:\/\/camping-leporge.fr\/en\/#website"},"primaryImageOfPage":{"@id":"https:\/\/camping-leporge.fr\/en\/leisure-activities\/#primaryimage"},"image":{"@id":"https:\/\/camping-leporge.fr\/en\/leisure-activities\/#primaryimage"},"thumbnailUrl":"https:\/\/camping-leporge.fr\/wp-content\/uploads\/2023\/03\/loisirs-activites-camping-la-grigne.jpg","datePublished":"2023-01-19T09:58:54+00:00","dateModified":"2025-07-20T09:47:24+00:00","breadcrumb":{"@id":"https:\/\/camping-leporge.fr\/en\/leisure-activities\/#breadcrumb"},"inLanguage":"en-US","potentialAction":[{"@type":"ReadAction","target":["https:\/\/camping-leporge.fr\/en\/leisure-activities\/"]}]},{"@type":"ImageObject","inLanguage":"en-US","@id":"https:\/\/camping-leporge.fr\/en\/leisure-activities\/#primaryimage","url":"https:\/\/camping-leporge.fr\/wp-content\/uploads\/2023\/03\/loisirs-activites-camping-la-grigne.jpg","contentUrl":"https:\/\/camping-leporge.fr\/wp-content\/uploads\/2023\/03\/loisirs-activites-camping-la-grigne.jpg","width":2500,"height":1406},{"@type":"BreadcrumbList","@id":"https:\/\/camping-leporge.fr\/en\/leisure-activities\/#breadcrumb","itemListElement":[{"@type":"ListItem","position":1,"name":"Home page","item":"https:\/\/camping-leporge.fr\/en\/"},{"@type":"ListItem","position":2,"name":"Leisure &#038; activities"}]},{"@type":"WebSite","@id":"https:\/\/camping-leporge.fr\/en\/#website","url":"https:\/\/camping-leporge.fr\/en\/","name":"Camping la Grigne","description":"","publisher":{"@id":"https:\/\/camping-leporge.fr\/en\/#organization"},"potentialAction":[{"@type":"SearchAction","target":{"@type":"EntryPoint","urlTemplate":"https:\/\/camping-leporge.fr\/en\/?s={search_term_string}"},"query-input":{"@type":"PropertyValueSpecification","valueRequired":true,"valueName":"search_term_string"}}],"inLanguage":"en-US"},{"@type":"Organization","@id":"https:\/\/camping-leporge.fr\/en\/#organization","name":"Camping la Grigne","url":"https:\/\/camping-leporge.fr\/en\/","logo":{"@type":"ImageObject","inLanguage":"en-US","@id":"https:\/\/camping-leporge.fr\/en\/#\/schema\/logo\/image\/","url":"https:\/\/camping-leporge.fr\/wp-content\/uploads\/2023\/02\/logo-camping-la-grigne-footer-1.png","contentUrl":"https:\/\/camping-leporge.fr\/wp-content\/uploads\/2023\/02\/logo-camping-la-grigne-footer-1.png","width":465,"height":365,"caption":"Camping la Grigne"},"image":{"@id":"https:\/\/camping-leporge.fr\/en\/#\/schema\/logo\/image\/"},"sameAs":["https:\/\/www.facebook.com\/lagrigne\/","https:\/\/www.instagram.com\/campinglagrigne\/"]}]}},"_links":{"self":[{"href":"https:\/\/camping-leporge.fr\/en\/wp-json\/wp\/v2\/pages\/1672","targetHints":{"allow":["GET"]}}],"collection":[{"href":"https:\/\/camping-leporge.fr\/en\/wp-json\/wp\/v2\/pages"}],"about":[{"href":"https:\/\/camping-leporge.fr\/en\/wp-json\/wp\/v2\/types\/page"}],"author":[{"embeddable":true,"href":"https:\/\/camping-leporge.fr\/en\/wp-json\/wp\/v2\/users\/1"}],"replies":[{"embeddable":true,"href":"https:\/\/camping-leporge.fr\/en\/wp-json\/wp\/v2\/comments?post=1672"}],"version-history":[{"count":10,"href":"https:\/\/camping-leporge.fr\/en\/wp-json\/wp\/v2\/pages\/1672\/revisions"}],"predecessor-version":[{"id":2472,"href":"https:\/\/camping-leporge.fr\/en\/wp-json\/wp\/v2\/pages\/1672\/revisions\/2472"}],"wp:featuredmedia":[{"embeddable":true,"href":"https:\/\/camping-leporge.fr\/en\/wp-json\/wp\/v2\/media\/1243"}],"wp:attachment":[{"href":"https:\/\/camping-leporge.fr\/en\/wp-json\/wp\/v2\/media?parent=1672"}],"curies":[{"name":"wp","href":"https:\/\/api.w.org\/{rel}","templated":true}]}}