{"id":1716,"date":"2023-01-19T10:35:18","date_gmt":"2023-01-19T09:35:18","guid":{"rendered":"https:\/\/camping-leporge.fr\/zelt-bungalow\/eden-lodge\/"},"modified":"2025-11-17T16:35:35","modified_gmt":"2025-11-17T15:35:35","slug":"eden-lodge","status":"publish","type":"page","link":"https:\/\/camping-leporge.fr\/de\/zelt-bungalow\/eden-lodge\/","title":{"rendered":"Eden Lodge"},"content":{"rendered":"<p class=\"p1\">Sie suchen etwas mehr Komfort und m\u00f6chten gleichzeitig den Camping-Geist bewahren? Dann ist die Eden Lodge genau das Richtige f\u00fcr Sie! Kommen Sie und schlafen Sie so nah wie m\u00f6glich an der Natur, genie\u00dfen Sie die Campingvergn\u00fcgen ohne Matratze zum Aufblasen oder Zeltaufbau!<br \/>\nTiere sind in der Vermietung verboten.<\/p>\n<ul>\n<li class=\"descriptif-icon surface\">38 m\u00b2 (\u00fcberdachte Terrasse inklusive)<\/li>\n<li class=\"descriptif-icon lit\">2 Schlafzimmer<\/li>\n<li class=\"descriptif-icon personnes\">Bis zu 5 Personen<\/li>\n<li class=\"descriptif-icon douche\">Ohne Sanit\u00e4r \/ mit Strom<\/li>\n<li class=\"descriptif-icon animaux\">Tiere sind in der Viermietung verboten<\/li>\n<\/ul>\n","protected":false},"excerpt":{"rendered":"<p>Sie suchen etwas mehr Komfort und m\u00f6chten gleichzeitig den Camping-Geist bewahren? Dann ist die Eden Lodge genau das Richtige f\u00fcr Sie! Kommen Sie und schlafen Sie so nah wie m\u00f6glich an der Natur, genie\u00dfen Sie die Campingvergn\u00fcgen ohne Matratze zum Aufblasen oder Zeltaufbau! Tiere sind&#8230;<\/p>\n","protected":false},"author":1,"featured_media":1601,"parent":1713,"menu_order":0,"comment_status":"closed","ping_status":"closed","template":"template-hebergement-enfant.php","meta":{"_acf_changed":false,"footnotes":""},"class_list":["post-1716","page","type-page","status-publish","has-post-thumbnail","hentry"],"acf":[],"yoast_head":"<!-- This site is optimized with the Yoast SEO plugin v26.9 - https:\/\/yoast.com\/product\/yoast-seo-wordpress\/ -->\n<title>Eden Lodge - Camping la Grigne<\/title>\n<meta name=\"robots\" content=\"index, follow, max-snippet:-1, max-image-preview:large, max-video-preview:-1\" \/>\n<link rel=\"canonical\" href=\"https:\/\/camping-leporge.fr\/de\/zelt-bungalow\/eden-lodge\/\" \/>\n<meta property=\"og:locale\" content=\"de_DE\" \/>\n<meta property=\"og:type\" content=\"article\" \/>\n<meta property=\"og:title\" content=\"Eden Lodge - Camping la Grigne\" \/>\n<meta property=\"og:description\" content=\"Sie suchen etwas mehr Komfort und m\u00f6chten gleichzeitig den Camping-Geist bewahren? Dann ist die Eden Lodge genau das Richtige f\u00fcr Sie! Kommen Sie und schlafen Sie so nah wie m\u00f6glich an der Natur, genie\u00dfen Sie die Campingvergn\u00fcgen ohne Matratze zum Aufblasen oder Zeltaufbau! Tiere sind...\" \/>\n<meta property=\"og:url\" content=\"https:\/\/camping-leporge.fr\/de\/zelt-bungalow\/eden-lodge\/\" \/>\n<meta property=\"og:site_name\" content=\"Camping la Grigne\" \/>\n<meta property=\"article:publisher\" content=\"https:\/\/www.facebook.com\/lagrigne\/\" \/>\n<meta property=\"article:modified_time\" content=\"2025-11-17T15:35:35+00:00\" \/>\n<meta property=\"og:image\" content=\"http:\/\/camping-leporge.fr\/wp-content\/uploads\/2024\/01\/Eden-Lodge-.jpg\" \/>\n\t<meta property=\"og:image:width\" content=\"2000\" \/>\n\t<meta property=\"og:image:height\" content=\"1339\" \/>\n\t<meta property=\"og:image:type\" content=\"image\/jpeg\" \/>\n<meta name=\"twitter:card\" content=\"summary_large_image\" \/>\n<meta name=\"twitter:label1\" content=\"Gesch\u00e4tzte Lesezeit\" \/>\n\t<meta name=\"twitter:data1\" content=\"1\u00a0Minute\" \/>\n<script type=\"application\/ld+json\" class=\"yoast-schema-graph\">{\"@context\":\"https:\/\/schema.org\",\"@graph\":[{\"@type\":\"WebPage\",\"@id\":\"https:\/\/camping-leporge.fr\/de\/zelt-bungalow\/eden-lodge\/\",\"url\":\"https:\/\/camping-leporge.fr\/de\/zelt-bungalow\/eden-lodge\/\",\"name\":\"Eden Lodge - Camping la Grigne\",\"isPartOf\":{\"@id\":\"https:\/\/camping-leporge.fr\/de\/#website\"},\"primaryImageOfPage\":{\"@id\":\"https:\/\/camping-leporge.fr\/de\/zelt-bungalow\/eden-lodge\/#primaryimage\"},\"image\":{\"@id\":\"https:\/\/camping-leporge.fr\/de\/zelt-bungalow\/eden-lodge\/#primaryimage\"},\"thumbnailUrl\":\"https:\/\/camping-leporge.fr\/wp-content\/uploads\/2024\/01\/Eden-Lodge-.jpg\",\"datePublished\":\"2023-01-19T09:35:18+00:00\",\"dateModified\":\"2025-11-17T15:35:35+00:00\",\"breadcrumb\":{\"@id\":\"https:\/\/camping-leporge.fr\/de\/zelt-bungalow\/eden-lodge\/#breadcrumb\"},\"inLanguage\":\"de\",\"potentialAction\":[{\"@type\":\"ReadAction\",\"target\":[\"https:\/\/camping-leporge.fr\/de\/zelt-bungalow\/eden-lodge\/\"]}]},{\"@type\":\"ImageObject\",\"inLanguage\":\"de\",\"@id\":\"https:\/\/camping-leporge.fr\/de\/zelt-bungalow\/eden-lodge\/#primaryimage\",\"url\":\"https:\/\/camping-leporge.fr\/wp-content\/uploads\/2024\/01\/Eden-Lodge-.jpg\",\"contentUrl\":\"https:\/\/camping-leporge.fr\/wp-content\/uploads\/2024\/01\/Eden-Lodge-.jpg\",\"width\":2000,\"height\":1339},{\"@type\":\"BreadcrumbList\",\"@id\":\"https:\/\/camping-leporge.fr\/de\/zelt-bungalow\/eden-lodge\/#breadcrumb\",\"itemListElement\":[{\"@type\":\"ListItem\",\"position\":1,\"name\":\"Startseite\",\"item\":\"https:\/\/camping-leporge.fr\/de\/\"},{\"@type\":\"ListItem\",\"position\":2,\"name\":\"Zelt-Bungalow\",\"item\":\"https:\/\/camping-leporge.fr\/de\/zelt-bungalow\/\"},{\"@type\":\"ListItem\",\"position\":3,\"name\":\"Eden Lodge\"}]},{\"@type\":\"WebSite\",\"@id\":\"https:\/\/camping-leporge.fr\/de\/#website\",\"url\":\"https:\/\/camping-leporge.fr\/de\/\",\"name\":\"Camping la Grigne\",\"description\":\"\",\"publisher\":{\"@id\":\"https:\/\/camping-leporge.fr\/de\/#organization\"},\"potentialAction\":[{\"@type\":\"SearchAction\",\"target\":{\"@type\":\"EntryPoint\",\"urlTemplate\":\"https:\/\/camping-leporge.fr\/de\/?s={search_term_string}\"},\"query-input\":{\"@type\":\"PropertyValueSpecification\",\"valueRequired\":true,\"valueName\":\"search_term_string\"}}],\"inLanguage\":\"de\"},{\"@type\":\"Organization\",\"@id\":\"https:\/\/camping-leporge.fr\/de\/#organization\",\"name\":\"Camping la Grigne\",\"url\":\"https:\/\/camping-leporge.fr\/de\/\",\"logo\":{\"@type\":\"ImageObject\",\"inLanguage\":\"de\",\"@id\":\"https:\/\/camping-leporge.fr\/de\/#\/schema\/logo\/image\/\",\"url\":\"https:\/\/camping-leporge.fr\/wp-content\/uploads\/2023\/02\/logo-camping-la-grigne-footer-1.png\",\"contentUrl\":\"https:\/\/camping-leporge.fr\/wp-content\/uploads\/2023\/02\/logo-camping-la-grigne-footer-1.png\",\"width\":465,\"height\":365,\"caption\":\"Camping la Grigne\"},\"image\":{\"@id\":\"https:\/\/camping-leporge.fr\/de\/#\/schema\/logo\/image\/\"},\"sameAs\":[\"https:\/\/www.facebook.com\/lagrigne\/\",\"https:\/\/www.instagram.com\/campinglagrigne\/\"]}]}<\/script>\n<!-- \/ Yoast SEO plugin. -->","yoast_head_json":{"title":"Eden Lodge - Camping la Grigne","robots":{"index":"index","follow":"follow","max-snippet":"max-snippet:-1","max-image-preview":"max-image-preview:large","max-video-preview":"max-video-preview:-1"},"canonical":"https:\/\/camping-leporge.fr\/de\/zelt-bungalow\/eden-lodge\/","og_locale":"de_DE","og_type":"article","og_title":"Eden Lodge - Camping la Grigne","og_description":"Sie suchen etwas mehr Komfort und m\u00f6chten gleichzeitig den Camping-Geist bewahren? Dann ist die Eden Lodge genau das Richtige f\u00fcr Sie! Kommen Sie und schlafen Sie so nah wie m\u00f6glich an der Natur, genie\u00dfen Sie die Campingvergn\u00fcgen ohne Matratze zum Aufblasen oder Zeltaufbau! Tiere sind...","og_url":"https:\/\/camping-leporge.fr\/de\/zelt-bungalow\/eden-lodge\/","og_site_name":"Camping la Grigne","article_publisher":"https:\/\/www.facebook.com\/lagrigne\/","article_modified_time":"2025-11-17T15:35:35+00:00","og_image":[{"width":2000,"height":1339,"url":"http:\/\/camping-leporge.fr\/wp-content\/uploads\/2024\/01\/Eden-Lodge-.jpg","type":"image\/jpeg"}],"twitter_card":"summary_large_image","twitter_misc":{"Gesch\u00e4tzte Lesezeit":"1\u00a0Minute"},"schema":{"@context":"https:\/\/schema.org","@graph":[{"@type":"WebPage","@id":"https:\/\/camping-leporge.fr\/de\/zelt-bungalow\/eden-lodge\/","url":"https:\/\/camping-leporge.fr\/de\/zelt-bungalow\/eden-lodge\/","name":"Eden Lodge - Camping la Grigne","isPartOf":{"@id":"https:\/\/camping-leporge.fr\/de\/#website"},"primaryImageOfPage":{"@id":"https:\/\/camping-leporge.fr\/de\/zelt-bungalow\/eden-lodge\/#primaryimage"},"image":{"@id":"https:\/\/camping-leporge.fr\/de\/zelt-bungalow\/eden-lodge\/#primaryimage"},"thumbnailUrl":"https:\/\/camping-leporge.fr\/wp-content\/uploads\/2024\/01\/Eden-Lodge-.jpg","datePublished":"2023-01-19T09:35:18+00:00","dateModified":"2025-11-17T15:35:35+00:00","breadcrumb":{"@id":"https:\/\/camping-leporge.fr\/de\/zelt-bungalow\/eden-lodge\/#breadcrumb"},"inLanguage":"de","potentialAction":[{"@type":"ReadAction","target":["https:\/\/camping-leporge.fr\/de\/zelt-bungalow\/eden-lodge\/"]}]},{"@type":"ImageObject","inLanguage":"de","@id":"https:\/\/camping-leporge.fr\/de\/zelt-bungalow\/eden-lodge\/#primaryimage","url":"https:\/\/camping-leporge.fr\/wp-content\/uploads\/2024\/01\/Eden-Lodge-.jpg","contentUrl":"https:\/\/camping-leporge.fr\/wp-content\/uploads\/2024\/01\/Eden-Lodge-.jpg","width":2000,"height":1339},{"@type":"BreadcrumbList","@id":"https:\/\/camping-leporge.fr\/de\/zelt-bungalow\/eden-lodge\/#breadcrumb","itemListElement":[{"@type":"ListItem","position":1,"name":"Startseite","item":"https:\/\/camping-leporge.fr\/de\/"},{"@type":"ListItem","position":2,"name":"Zelt-Bungalow","item":"https:\/\/camping-leporge.fr\/de\/zelt-bungalow\/"},{"@type":"ListItem","position":3,"name":"Eden Lodge"}]},{"@type":"WebSite","@id":"https:\/\/camping-leporge.fr\/de\/#website","url":"https:\/\/camping-leporge.fr\/de\/","name":"Camping la Grigne","description":"","publisher":{"@id":"https:\/\/camping-leporge.fr\/de\/#organization"},"potentialAction":[{"@type":"SearchAction","target":{"@type":"EntryPoint","urlTemplate":"https:\/\/camping-leporge.fr\/de\/?s={search_term_string}"},"query-input":{"@type":"PropertyValueSpecification","valueRequired":true,"valueName":"search_term_string"}}],"inLanguage":"de"},{"@type":"Organization","@id":"https:\/\/camping-leporge.fr\/de\/#organization","name":"Camping la Grigne","url":"https:\/\/camping-leporge.fr\/de\/","logo":{"@type":"ImageObject","inLanguage":"de","@id":"https:\/\/camping-leporge.fr\/de\/#\/schema\/logo\/image\/","url":"https:\/\/camping-leporge.fr\/wp-content\/uploads\/2023\/02\/logo-camping-la-grigne-footer-1.png","contentUrl":"https:\/\/camping-leporge.fr\/wp-content\/uploads\/2023\/02\/logo-camping-la-grigne-footer-1.png","width":465,"height":365,"caption":"Camping la Grigne"},"image":{"@id":"https:\/\/camping-leporge.fr\/de\/#\/schema\/logo\/image\/"},"sameAs":["https:\/\/www.facebook.com\/lagrigne\/","https:\/\/www.instagram.com\/campinglagrigne\/"]}]}},"_links":{"self":[{"href":"https:\/\/camping-leporge.fr\/de\/wp-json\/wp\/v2\/pages\/1716","targetHints":{"allow":["GET"]}}],"collection":[{"href":"https:\/\/camping-leporge.fr\/de\/wp-json\/wp\/v2\/pages"}],"about":[{"href":"https:\/\/camping-leporge.fr\/de\/wp-json\/wp\/v2\/types\/page"}],"author":[{"embeddable":true,"href":"https:\/\/camping-leporge.fr\/de\/wp-json\/wp\/v2\/users\/1"}],"replies":[{"embeddable":true,"href":"https:\/\/camping-leporge.fr\/de\/wp-json\/wp\/v2\/comments?post=1716"}],"version-history":[{"count":4,"href":"https:\/\/camping-leporge.fr\/de\/wp-json\/wp\/v2\/pages\/1716\/revisions"}],"predecessor-version":[{"id":2567,"href":"https:\/\/camping-leporge.fr\/de\/wp-json\/wp\/v2\/pages\/1716\/revisions\/2567"}],"up":[{"embeddable":true,"href":"https:\/\/camping-leporge.fr\/de\/wp-json\/wp\/v2\/pages\/1713"}],"wp:featuredmedia":[{"embeddable":true,"href":"https:\/\/camping-leporge.fr\/de\/wp-json\/wp\/v2\/media\/1601"}],"wp:attachment":[{"href":"https:\/\/camping-leporge.fr\/de\/wp-json\/wp\/v2\/media?parent=1716"}],"curies":[{"name":"wp","href":"https:\/\/api.w.org\/{rel}","templated":true}]}}